{"id":88,"date":"2016-05-03T09:43:41","date_gmt":"2016-05-03T07:43:41","guid":{"rendered":"http:\/\/nietzschesource.local\/fr\/?page_id=88"},"modified":"2017-07-06T16:45:09","modified_gmt":"2017-07-06T14:45:09","slug":"ekgwb","status":"publish","type":"page","link":"http:\/\/doc.nietzschesource.org\/fr\/ekgwb","title":{"rendered":"\u00c9dition critique num\u00e9rique des \u0152uvres compl\u00e8tes et de la Correspondance (eKGWB)"},"content":{"rendered":"<p>La <em>Digitale Kritische Gesamtausgabe Werke und Briefe<\/em> (<a href=\"http:\/\/www.nietzschesource.org\/eKGWB\" target=\"_blank\">eKGWB<\/a>) publi\u00e9e par Nietzsche Source sous la direction de Paolo D\u2019Iorio est la ve rsion num\u00e9rique de l\u2019\u00e9dition critique allemande de r\u00e9f\u00e9rence des \u0153uvres, des fragments posthumes et de la correspondance de Nietzsche \u00e9tablie par Giorgio Colli et Mazzino Montinari (Friedrich Nietzsche, <em>Werke. Kritische Gesamtausgabe<\/em>, Berlin\/New York, de Gruyter, 1967 sq. et <em>Nietzsche Briefwechsel. Kritische Gesamtausgabe<\/em>, Berlin\/New York, de Gruyter, 1975 sq.).<\/p>\n<p>La qualit\u00e9 de cette \u00e9dition \u00e9lectronique repose sur un travail minutieux de collation du texte num\u00e9ris\u00e9 avec chaque mot de l\u2019\u00e9dition imprim\u00e9e. En outre, toutes les\u00a0<a href=\"http:\/\/doc.nietzschesource.org\/fr\/errata\" target=\"_blank\">corrections philologiques (environ 6\u00a0600)<\/a> \u00e9parpill\u00e9es dans les diff\u00e9rents volumes de l\u2019appareil critique de l\u2019\u00e9dition imprim\u00e9e ont \u00e9t\u00e9 directement int\u00e9gr\u00e9es dans le texte \u00e9lectronique. Les passages ainsi corrig\u00e9s sont surlign\u00e9s et le lecteur peut \u00e9galement, d\u2019un simple clic de souris, d\u00e9couvrir le passage fautif correspondant tel qu\u2019il \u00e9tait imprim\u00e9 dans la version papier. L\u2019objectif est ainsi de proposer une version la plus correcte possible et philologiquement \u00e0 jour de l\u2019\u00e9dition critique Colli\/Montinari.<\/p>\n<p>Les \u00e9ditions \u00e9lectroniques pr\u00e9c\u00e9dentes, commercialis\u00e9es sur CD-ROM ou disponibles sur Internet, ont non seulement n\u00e9glig\u00e9 d\u2019int\u00e9grer de telles corrections mais ont, qui plus est, ajout\u00e9 leurs propres erreurs en raison d\u2019un travail insuffisant de collation des textes. Elles se contentaient de pr\u00e9senter seulement les \u0153uvres et les fragments posthumes, alors que la pr\u00e9sente \u00e9dition proposera \u00e9galement, pour la premi\u00e8re fois, la version \u00e9lectronique de la correspondance de Nietzsche.<\/p>\n<p>Le lecteur peut consulter et citer ais\u00e9ment le texte, chercher des mots ou des phrases dans l\u2019\u00e9dition ou dans certaines de ses parties et imprimer des passages ou des listes d\u2019occurrences. L\u2019encodage en <a href=\"http:\/\/www.tei-c.org\/\" target=\"_blank\">XML-TEI<\/a> assure l\u2019interop\u00e9rabilit\u00e9 avec d\u2019autres archives textuelles. L\u2019\u00e9dition eKGWB repose sur un syst\u00e8me de classement num\u00e9rique qui attribue \u00e0 chaque \u0153uvre, chapitre, aphorisme ou fragment, une adresse internet unique et stable. Les sigles utilis\u00e9s dans les URL sont fid\u00e8les aux abr\u00e9viations standard \u00e9tablies par l\u2019\u00e9dition imprim\u00e9e de mani\u00e8re \u00e0 permettre la communication entre les univers papier et num\u00e9rique. C\u2019est ainsi, par exemple, que le premier paragraphe de <em>L\u2019Ant\u00e9christ<\/em> se trouve \u00e0 l\u2019adresse suivante : <a href=\"http:\/\/www.nietzschesource.org\/eKGWB\/AC-1\" target=\"_blank\">www.nietzschesource.org\/eKGWB\/AC-1<\/a>.<\/p>\n<p>Ces sp\u00e9cificit\u00e9s font de l\u2019eKGWB l\u2019une des premi\u00e8res \u00e9ditions num\u00e9riques susceptibles d\u2019\u00eatre utilis\u00e9es et cit\u00e9es dans des travaux universitaires.<\/p>\n","protected":false},"excerpt":{"rendered":"<p>La Digitale Kritische Gesamtausgabe Werke und Briefe (eKGWB) publi\u00e9e par Nietzsche Source sous la direction de Paolo D\u2019Iorio est la ve rsion num\u00e9rique de l\u2019\u00e9dition critique allemande de r\u00e9f\u00e9rence des \u0153uvres, des fragments posthumes et de la correspondance de Nietzsche \u00e9tablie par Giorgio Colli et Mazzino Montinari (Friedrich Nietzsche, Werke. Kritische Gesamtausgabe, Berlin\/New York, de &hellip; <a href=\"http:\/\/doc.nietzschesource.org\/fr\/ekgwb\" class=\"more-link\">Continue reading<span class=\"screen-reader-text\"> &#8220;\u00c9dition critique num\u00e9rique des \u0152uvres compl\u00e8tes et de la Correspondance (eKGWB)&#8221;<\/span><\/a><\/p>\n","protected":false},"author":1,"featured_media":0,"parent":0,"menu_order":0,"comment_status":"closed","ping_status":"closed","template":"","meta":{"footnotes":""},"class_list":["post-88","page","type-page","status-publish","hentry"],"_links":{"self":[{"href":"http:\/\/doc.nietzschesource.org\/fr\/wp-json\/wp\/v2\/pages\/88","targetHints":{"allow":["GET"]}}],"collection":[{"href":"http:\/\/doc.nietzschesource.org\/fr\/wp-json\/wp\/v2\/pages"}],"about":[{"href":"http:\/\/doc.nietzschesource.org\/fr\/wp-json\/wp\/v2\/types\/page"}],"author":[{"embeddable":true,"href":"http:\/\/doc.nietzschesource.org\/fr\/wp-json\/wp\/v2\/users\/1"}],"replies":[{"embeddable":true,"href":"http:\/\/doc.nietzschesource.org\/fr\/wp-json\/wp\/v2\/comments?post=88"}],"version-history":[{"count":4,"href":"http:\/\/doc.nietzschesource.org\/fr\/wp-json\/wp\/v2\/pages\/88\/revisions"}],"predecessor-version":[{"id":250,"href":"http:\/\/doc.nietzschesource.org\/fr\/wp-json\/wp\/v2\/pages\/88\/revisions\/250"}],"wp:attachment":[{"href":"http:\/\/doc.nietzschesource.org\/fr\/wp-json\/wp\/v2\/media?parent=88"}],"curies":[{"name":"wp","href":"https:\/\/api.w.org\/{rel}","templated":true}]}}