{"id":66,"date":"2016-05-03T09:35:17","date_gmt":"2016-05-03T07:35:17","guid":{"rendered":"http:\/\/nietzschesource.local\/fr\/?page_id=66"},"modified":"2022-12-02T10:34:32","modified_gmt":"2022-12-02T09:34:32","slug":"equipe","status":"publish","type":"page","link":"http:\/\/doc.nietzschesource.org\/fr\/equipe","title":{"rendered":"\u00c9quipe de recherche"},"content":{"rendered":"<h3>Direction \u00e9ditoriale et scientifique: Paolo D&#8217;Iorio<\/h3>\n<p><strong>\u00c9dition critique<\/strong> (<a href=\"http:\/\/www.nietzschesource.org\/eKGWB\" target=\"_blank\" rel=\"noopener noreferrer\">eKGWB<\/a>) : Irmgard Betz, M.A.; Christian D\u00fcnisch, M.A.; Armin Schwehr, M.A..<\/p>\n<p><strong>\u00c9dition en fac-simil\u00e9 <\/strong>(<a href=\"http:\/\/www.nietzschesource.org\/DFGA\" target=\"_blank\" rel=\"noopener noreferrer\">DFGA<\/a>) :\u00a0Armin Schwehr, M.A.; Martina Fischer M.A.;\u00a0Dr. Silke Henke; Christian P\u00f6nitz M.A.; Franziska Stiebritz M.A.<\/p>\n<p><strong>\u00c9dition g\u00e9n\u00e9tique\u00a0<\/strong>: prof. Matteo d\u2019Alfonso; Dr. Inga Gerike; Dr. Christiane Henkes; Dr. Andrew Williams; Dr. Volker Zapf.<\/p>\n<p><strong>Studia Nietzscheana<\/strong>: (<a href=\"http:\/\/www.nietzschesource.org\/SN\" target=\"_blank\" rel=\"noopener noreferrer\">SN<\/a>) : prof. Francisco Arenas-Dolz (Valencia), dott. Giuseppe Berardi (Pescara), dott.ssa Maria Jo\u00e3o Branco (Lisboa), D<sup>r<\/sup>\u00a0Christophe Corbier (Paris), prof.ssa Maria C. Fornari (Lecce), Sandra Y. Freregger M.A. (Wien), Sylvia M. Gorelick M.A. (New York, Paris), dott. Luca Lupo (Cosenza), Armin Schwehr M.A., (Berlin), D<sup>r<\/sup> Yannick Souladi\u00e9 (Toulouse), D<sup>re<\/sup> Isabelle Wienand (Friburg), dott.ssa Benedetta Zavatta (Lisboa).<\/p>\n<p><strong>Interfaces graphiques\u00a0<\/strong>: Dott. Giulio Andreini (<a href=\"http:\/\/www.netseven.it\/\" target=\"_blank\" rel=\"noopener noreferrer\">Net7<\/a>).<br \/>\n<strong>Logiciel <\/strong>: <a href=\"http:\/\/www.netseven.it\/\" target=\"_blank\" rel=\"noopener noreferrer\">Net7, Pisa.<\/a><br \/>\n<strong>Encodage des textes\u00a0<\/strong>: prof. Fabio Ciotti; Dr. Harald Saller.<br \/>\n<strong>Num\u00e9risation\u00a0<\/strong>: Dr. \u00c9va Gr\u00e9p\u00e1ly; <a href=\"http:\/\/www.mikrounivers.de\/\" target=\"_blank\" rel=\"noopener noreferrer\">Micro-Univers GmbH<\/a>, Berlin<br \/>\n<strong>Cadre juridique\u00a0<\/strong>: Philippe Chevet; Dr. Silke Clausing; dott. Thomas Margoni.<br \/>\n<strong>Special Adviser\u00a0<\/strong>: Dr. Thomas Bartscherer.<\/p>\n<p><strong>Ancien collaborateurs\u00a0<\/strong>: Dr. Manuel Dries; dott. Salvatore Viola.<\/p>\n","protected":false},"excerpt":{"rendered":"<p>Direction \u00e9ditoriale et scientifique: Paolo D&#8217;Iorio \u00c9dition critique (eKGWB) : Irmgard Betz, M.A.; Christian D\u00fcnisch, M.A.; Armin Schwehr, M.A.. \u00c9dition en fac-simil\u00e9 (DFGA) :\u00a0Armin Schwehr, M.A.; Martina Fischer M.A.;\u00a0Dr. Silke Henke; Christian P\u00f6nitz M.A.; Franziska Stiebritz M.A. \u00c9dition g\u00e9n\u00e9tique\u00a0: prof. Matteo d\u2019Alfonso; Dr. Inga Gerike; Dr. Christiane Henkes; Dr. Andrew Williams; Dr. Volker Zapf. Studia &hellip; <a href=\"http:\/\/doc.nietzschesource.org\/fr\/equipe\" class=\"more-link\">Continue reading<span class=\"screen-reader-text\"> &#8220;\u00c9quipe de recherche&#8221;<\/span><\/a><\/p>\n","protected":false},"author":1,"featured_media":0,"parent":0,"menu_order":0,"comment_status":"closed","ping_status":"closed","template":"","meta":{"footnotes":""},"class_list":["post-66","page","type-page","status-publish","hentry"],"_links":{"self":[{"href":"http:\/\/doc.nietzschesource.org\/fr\/wp-json\/wp\/v2\/pages\/66","targetHints":{"allow":["GET"]}}],"collection":[{"href":"http:\/\/doc.nietzschesource.org\/fr\/wp-json\/wp\/v2\/pages"}],"about":[{"href":"http:\/\/doc.nietzschesource.org\/fr\/wp-json\/wp\/v2\/types\/page"}],"author":[{"embeddable":true,"href":"http:\/\/doc.nietzschesource.org\/fr\/wp-json\/wp\/v2\/users\/1"}],"replies":[{"embeddable":true,"href":"http:\/\/doc.nietzschesource.org\/fr\/wp-json\/wp\/v2\/comments?post=66"}],"version-history":[{"count":5,"href":"http:\/\/doc.nietzschesource.org\/fr\/wp-json\/wp\/v2\/pages\/66\/revisions"}],"predecessor-version":[{"id":380,"href":"http:\/\/doc.nietzschesource.org\/fr\/wp-json\/wp\/v2\/pages\/66\/revisions\/380"}],"wp:attachment":[{"href":"http:\/\/doc.nietzschesource.org\/fr\/wp-json\/wp\/v2\/media?parent=66"}],"curies":[{"name":"wp","href":"https:\/\/api.w.org\/{rel}","templated":true}]}}