{"id":41,"date":"2016-05-02T15:30:22","date_gmt":"2016-05-02T13:30:22","guid":{"rendered":"http:\/\/nietzschesource.local\/fr\/?page_id=41"},"modified":"2022-12-01T21:08:31","modified_gmt":"2022-12-01T20:08:31","slug":"comite-scientifique","status":"publish","type":"page","link":"http:\/\/doc.nietzschesource.org\/fr\/comite-scientifique","title":{"rendered":"Comit\u00e9 scientifique"},"content":{"rendered":"<p>Le comit\u00e9 scientifique de Nietzsche Source co\u00efncide avec le comit\u00e9 scientifique d&#8217;HyperNietzsche et se compose de <a href=\"http:\/\/www.hypernietzsche.org\/fr\/membres\/\" target=\"_blank\" rel=\"noopener noreferrer\">treize sp\u00e9cialistes de Nietzsche<\/a> venant de huit pays diff\u00e9rents&nbsp;:<\/p>\n","protected":false},"excerpt":{"rendered":"<p>Le comit\u00e9 scientifique de Nietzsche Source co\u00efncide avec le comit\u00e9 scientifique d&#8217;HyperNietzsche et se compose de treize sp\u00e9cialistes de Nietzsche venant de huit pays diff\u00e9rents&nbsp;:<\/p>\n","protected":false},"author":1,"featured_media":0,"parent":0,"menu_order":0,"comment_status":"closed","ping_status":"closed","template":"","meta":{"footnotes":""},"class_list":["post-41","page","type-page","status-publish","hentry"],"_links":{"self":[{"href":"http:\/\/doc.nietzschesource.org\/fr\/wp-json\/wp\/v2\/pages\/41","targetHints":{"allow":["GET"]}}],"collection":[{"href":"http:\/\/doc.nietzschesource.org\/fr\/wp-json\/wp\/v2\/pages"}],"about":[{"href":"http:\/\/doc.nietzschesource.org\/fr\/wp-json\/wp\/v2\/types\/page"}],"author":[{"embeddable":true,"href":"http:\/\/doc.nietzschesource.org\/fr\/wp-json\/wp\/v2\/users\/1"}],"replies":[{"embeddable":true,"href":"http:\/\/doc.nietzschesource.org\/fr\/wp-json\/wp\/v2\/comments?post=41"}],"version-history":[{"count":3,"href":"http:\/\/doc.nietzschesource.org\/fr\/wp-json\/wp\/v2\/pages\/41\/revisions"}],"predecessor-version":[{"id":341,"href":"http:\/\/doc.nietzschesource.org\/fr\/wp-json\/wp\/v2\/pages\/41\/revisions\/341"}],"wp:attachment":[{"href":"http:\/\/doc.nietzschesource.org\/fr\/wp-json\/wp\/v2\/media?parent=41"}],"curies":[{"name":"wp","href":"https:\/\/api.w.org\/{rel}","templated":true}]}}