{"id":11,"date":"2016-05-02T12:16:25","date_gmt":"2016-05-02T10:16:25","guid":{"rendered":"http:\/\/nietzschesource.local\/fr\/?page_id=11"},"modified":"2021-12-15T10:46:34","modified_gmt":"2021-12-15T09:46:34","slug":"home","status":"publish","type":"page","link":"http:\/\/doc.nietzschesource.org\/fr\/","title":{"rendered":"Pr\u00e9sentation"},"content":{"rendered":"<p>Nietzsche Source est un site web consacr\u00e9 \u00e0 la publication d&#8217;\u00e9ditions et d&#8217;autres contributions scientifiques concernant l\u2019\u0153uvre et la vie de Friedrich Nietzsche, sous la direction \u00e9ditoriale et scientifique de\u00a0<a href=\"http:\/\/www.diorio.info\/\" target=\"_blank\" rel=\"noopener noreferrer\">Paolo D&#8217;Iorio<\/a>.<\/p>\n<p>Les contenus et leurs adresses internet sont stables et peuvent \u00eatre librement utilis\u00e9s et cit\u00e9s \u00e0 des fins d\u2019enseignement et de recherche.<\/p>\n<p>Le site est plac\u00e9 sous la\u00a0responsabilit\u00e9 de l\u2019<a href=\"http:\/\/www.hypernietzsche.org\/fr\/\" target=\"_blank\" rel=\"noopener noreferrer\">Association HyperNietzsche<\/a>, une association \u00e0 but non lucratif dont le si\u00e8ge est \u00e0 l\u2019<a href=\"http:\/\/www.ens.fr\/\" target=\"_blank\" rel=\"noopener noreferrer\">\u00c9cole normale sup\u00e9rieure<\/a> de Paris.L&#8217;<em>Association HyperNietzsche<\/em>\u00a0vise \u00e0 r\u00e9unir des sp\u00e9cialistes de Nietzsche \u00e0 travers le monde. Elle promeut la recherche sur cet auteur par l&#8217;organisation de colloques et\u00a0 d&#8217;\u00e9v\u00e9nements scientifiques, et surtout par le travail d\u2019\u00e9dition, de commentaire et d\u2019interpr\u00e9tation de l\u2019\u0153uvre de Nietzsche.<\/p>\n","protected":false},"excerpt":{"rendered":"<p>Nietzsche Source est un site web consacr\u00e9 \u00e0 la publication d&#8217;\u00e9ditions et d&#8217;autres contributions scientifiques concernant l\u2019\u0153uvre et la vie de Friedrich Nietzsche, sous la direction \u00e9ditoriale et scientifique de\u00a0Paolo D&#8217;Iorio. Les contenus et leurs adresses internet sont stables et peuvent \u00eatre librement utilis\u00e9s et cit\u00e9s \u00e0 des fins d\u2019enseignement et de recherche. Le site &hellip; <a href=\"http:\/\/doc.nietzschesource.org\/fr\/\" class=\"more-link\">Continue reading<span class=\"screen-reader-text\"> &#8220;Pr\u00e9sentation&#8221;<\/span><\/a><\/p>\n","protected":false},"author":1,"featured_media":0,"parent":0,"menu_order":0,"comment_status":"closed","ping_status":"closed","template":"","meta":{"footnotes":""},"class_list":["post-11","page","type-page","status-publish","hentry"],"_links":{"self":[{"href":"http:\/\/doc.nietzschesource.org\/fr\/wp-json\/wp\/v2\/pages\/11","targetHints":{"allow":["GET"]}}],"collection":[{"href":"http:\/\/doc.nietzschesource.org\/fr\/wp-json\/wp\/v2\/pages"}],"about":[{"href":"http:\/\/doc.nietzschesource.org\/fr\/wp-json\/wp\/v2\/types\/page"}],"author":[{"embeddable":true,"href":"http:\/\/doc.nietzschesource.org\/fr\/wp-json\/wp\/v2\/users\/1"}],"replies":[{"embeddable":true,"href":"http:\/\/doc.nietzschesource.org\/fr\/wp-json\/wp\/v2\/comments?post=11"}],"version-history":[{"count":4,"href":"http:\/\/doc.nietzschesource.org\/fr\/wp-json\/wp\/v2\/pages\/11\/revisions"}],"predecessor-version":[{"id":327,"href":"http:\/\/doc.nietzschesource.org\/fr\/wp-json\/wp\/v2\/pages\/11\/revisions\/327"}],"wp:attachment":[{"href":"http:\/\/doc.nietzschesource.org\/fr\/wp-json\/wp\/v2\/media?parent=11"}],"curies":[{"name":"wp","href":"https:\/\/api.w.org\/{rel}","templated":true}]}}